{"id":3023,"date":"2019-01-31T01:43:17","date_gmt":"2019-01-31T00:43:17","guid":{"rendered":"http:\/\/test.variant.design\/lottocento?page_id=3023"},"modified":"2019-11-19T20:04:17","modified_gmt":"2019-11-19T19:04:17","slug":"oyster","status":"publish","type":"page","link":"https:\/\/www.lottocento.it\/it\/le-collezioni\/oyster\/","title":{"rendered":"Oyster"},"content":{"rendered":"<p><span style=\"font-weight: 400;\">La <\/span><b>credenza Oyster <\/b><span style=\"font-weight: 400;\">\u00e8 una <\/span><b>cantinetta vino<\/b><span style=\"font-weight: 400;\"> in legno rovere con alzata, che sposa artigianalit\u00e0 e ricerca estetica. Realizzata per ospitare vini pregiati e dotata di <\/span><b>due cantine refrigerate<\/b><span style=\"font-weight: 400;\">, \u00e8 arricchita da un elegante <\/span><b>intaglio realizzato manualmente.<\/b><\/p>\n","protected":false},"excerpt":{"rendered":"<p>La credenza Oyster \u00e8 una cantinetta vino in legno rovere con alzata, che sposa artigianalit\u00e0 e ricerca estetica. Realizzata per ospitare vini pregiati e dotata di due cantine refrigerate, \u00e8 arricchita da un elegante intaglio realizzato manualmente.<\/p>\n","protected":false},"author":3,"featured_media":0,"parent":2503,"menu_order":20,"comment_status":"closed","ping_status":"closed","template":"collection.php","meta":{"_acf_changed":false,"footnotes":""},"class_list":["post-3023","page","type-page","status-publish","hentry"],"acf":[],"_links":{"self":[{"href":"https:\/\/www.lottocento.it\/it\/wp-json\/wp\/v2\/pages\/3023","targetHints":{"allow":["GET"]}}],"collection":[{"href":"https:\/\/www.lottocento.it\/it\/wp-json\/wp\/v2\/pages"}],"about":[{"href":"https:\/\/www.lottocento.it\/it\/wp-json\/wp\/v2\/types\/page"}],"author":[{"embeddable":true,"href":"https:\/\/www.lottocento.it\/it\/wp-json\/wp\/v2\/users\/3"}],"replies":[{"embeddable":true,"href":"https:\/\/www.lottocento.it\/it\/wp-json\/wp\/v2\/comments?post=3023"}],"version-history":[{"count":0,"href":"https:\/\/www.lottocento.it\/it\/wp-json\/wp\/v2\/pages\/3023\/revisions"}],"up":[{"embeddable":true,"href":"https:\/\/www.lottocento.it\/it\/wp-json\/wp\/v2\/pages\/2503"}],"wp:attachment":[{"href":"https:\/\/www.lottocento.it\/it\/wp-json\/wp\/v2\/media?parent=3023"}],"curies":[{"name":"wp","href":"https:\/\/api.w.org\/{rel}","templated":true}]}}