{"id":12278,"date":"2022-05-20T10:08:19","date_gmt":"2022-05-20T08:08:19","guid":{"rendered":"https:\/\/www.lottocento.it\/?page_id=12278"},"modified":"2024-07-17T11:21:40","modified_gmt":"2024-07-17T09:21:40","slug":"tavolo-gea","status":"publish","type":"page","link":"https:\/\/www.lottocento.it\/it\/le-collezioni\/tavolo-gea\/","title":{"rendered":"Tavolo Gea"},"content":{"rendered":"<p>Frutto di un lavoro di <strong>alto artigianato<\/strong>, il <strong>tavolo Gea<\/strong> coniuga un <strong>design elegante e lineare<\/strong> a<strong> materiali naturali pregiati.<\/strong><strong>\u00a0<\/strong><\/p>\n<p>Disegnato da <a href=\"https:\/\/www.makethatstudio.com\/\"><strong>makethatstudio<\/strong><\/a>, questo <strong>tavolo rettangolare<\/strong> \u00e8 dotato di un piano in frassino tinto verde che si coordina con le basi semicircolari in marmo Verde Alpi.<\/p>\n<p>Le fessure intagliate presenti nei quattro lati del tavolo dialogano con il ricercato design rotondo delle gambe per esaltare la materia prima e dare un tocco di ricercata leggerezza.<\/p>\n<p>Il tavolo<strong> Gea<\/strong> \u00e8 un complemento caratterizzato da una forte personalit\u00e0 e trova la sua collocazione ideale nella sala da pranzo. Si pu\u00f2 completare con le <a href=\"https:\/\/www.lottocento.it\/it\/le-collezioni\/sedia-ottavia\/\"><strong>sedie Ottavia<\/strong><\/a> o con altre sedute di design ed \u00e8 <strong>personalizzabile nelle misure e nel colore.<\/strong><\/p>\n<p><b>Dimensioni<\/b><span style=\"font-weight: 400;\">: lunghezza 228 cm, larghezza 80 cm e altezza 74 cm<\/span><\/p>\n<p>&nbsp;<\/p>\n","protected":false},"excerpt":{"rendered":"<p>Frutto di un lavoro di alto artigianato, il tavolo Gea coniuga un design elegante e lineare a materiali naturali pregiati.\u00a0 Disegnato da makethatstudio, questo tavolo rettangolare \u00e8 dotato di un piano in frassino tinto verde che si coordina con le basi semicircolari in marmo Verde Alpi. Le fessure intagliate presenti nei quattro lati del tavolo<a class=\"excerpt-read-more\" href=\"https:\/\/www.lottocento.it\/it\/le-collezioni\/tavolo-gea\/\" title=\"ReadTavolo Gea\">&#8230; Read more &raquo;<\/a><\/p>\n","protected":false},"author":5,"featured_media":15796,"parent":2503,"menu_order":43,"comment_status":"closed","ping_status":"closed","template":"collection.php","meta":{"_acf_changed":false,"footnotes":""},"class_list":["post-12278","page","type-page","status-publish","has-post-thumbnail","hentry"],"acf":[],"_links":{"self":[{"href":"https:\/\/www.lottocento.it\/it\/wp-json\/wp\/v2\/pages\/12278","targetHints":{"allow":["GET"]}}],"collection":[{"href":"https:\/\/www.lottocento.it\/it\/wp-json\/wp\/v2\/pages"}],"about":[{"href":"https:\/\/www.lottocento.it\/it\/wp-json\/wp\/v2\/types\/page"}],"author":[{"embeddable":true,"href":"https:\/\/www.lottocento.it\/it\/wp-json\/wp\/v2\/users\/5"}],"replies":[{"embeddable":true,"href":"https:\/\/www.lottocento.it\/it\/wp-json\/wp\/v2\/comments?post=12278"}],"version-history":[{"count":0,"href":"https:\/\/www.lottocento.it\/it\/wp-json\/wp\/v2\/pages\/12278\/revisions"}],"up":[{"embeddable":true,"href":"https:\/\/www.lottocento.it\/it\/wp-json\/wp\/v2\/pages\/2503"}],"wp:featuredmedia":[{"embeddable":true,"href":"https:\/\/www.lottocento.it\/it\/wp-json\/wp\/v2\/media\/15796"}],"wp:attachment":[{"href":"https:\/\/www.lottocento.it\/it\/wp-json\/wp\/v2\/media?parent=12278"}],"curies":[{"name":"wp","href":"https:\/\/api.w.org\/{rel}","templated":true}]}}