{"id":5499,"date":"2019-11-15T20:14:29","date_gmt":"2019-11-15T19:14:29","guid":{"rendered":"http:\/\/test.variant.design\/lottocento?page_id=5499"},"modified":"2024-07-17T15:05:14","modified_gmt":"2024-07-17T13:05:14","slug":"tables","status":"publish","type":"page","link":"https:\/\/www.lottocento.it\/fr\/tables\/","title":{"rendered":"Tables"},"content":{"rendered":"<p>Passion, savoir-faire et design se conjuguent dans des tables en bois L\u2019Ottocento, con\u00e7ues pour s&rsquo;agencer avec une grande polyvalence dans les cuisines et les autres pi\u00e8ces de la maison. Chaque table est le r\u00e9sultat de la connaissance artisanale et de la cr\u00e9ativit\u00e9 de L\u2019Ottocento pour exprimer un design \u00e0 la personnalit\u00e9 forte, soulign\u00e9 par la valeur des mat\u00e9riaux et des finitions.<\/p>\n","protected":false},"excerpt":{"rendered":"<p>Passion, savoir-faire et design se conjuguent dans des tables en bois L\u2019Ottocento, con\u00e7ues pour s&rsquo;agencer avec une grande polyvalence dans les cuisines et les autres pi\u00e8ces de la maison. Chaque table est le r\u00e9sultat de la connaissance artisanale et de la cr\u00e9ativit\u00e9 de L\u2019Ottocento pour exprimer un design \u00e0 la personnalit\u00e9 forte, soulign\u00e9 par la<a class=\"excerpt-read-more\" href=\"https:\/\/www.lottocento.it\/fr\/tables\/\" title=\"ReadTables\">&#8230; Read more &raquo;<\/a><\/p>\n","protected":false},"author":3,"featured_media":11451,"parent":0,"menu_order":18,"comment_status":"closed","ping_status":"closed","template":"template-collection.php","meta":{"_acf_changed":false,"footnotes":""},"class_list":["post-5499","page","type-page","status-publish","has-post-thumbnail","hentry"],"acf":[],"_links":{"self":[{"href":"https:\/\/www.lottocento.it\/fr\/wp-json\/wp\/v2\/pages\/5499","targetHints":{"allow":["GET"]}}],"collection":[{"href":"https:\/\/www.lottocento.it\/fr\/wp-json\/wp\/v2\/pages"}],"about":[{"href":"https:\/\/www.lottocento.it\/fr\/wp-json\/wp\/v2\/types\/page"}],"author":[{"embeddable":true,"href":"https:\/\/www.lottocento.it\/fr\/wp-json\/wp\/v2\/users\/3"}],"replies":[{"embeddable":true,"href":"https:\/\/www.lottocento.it\/fr\/wp-json\/wp\/v2\/comments?post=5499"}],"version-history":[{"count":0,"href":"https:\/\/www.lottocento.it\/fr\/wp-json\/wp\/v2\/pages\/5499\/revisions"}],"wp:featuredmedia":[{"embeddable":true,"href":"https:\/\/www.lottocento.it\/fr\/wp-json\/wp\/v2\/media\/11451"}],"wp:attachment":[{"href":"https:\/\/www.lottocento.it\/fr\/wp-json\/wp\/v2\/media?parent=5499"}],"curies":[{"name":"wp","href":"https:\/\/api.w.org\/{rel}","templated":true}]}}