{"id":5489,"date":"2019-11-15T20:07:25","date_gmt":"2019-11-15T19:07:25","guid":{"rendered":"http:\/\/test.variant.design\/lottocento?page_id=5489"},"modified":"2024-07-17T15:31:31","modified_gmt":"2024-07-17T13:31:31","slug":"caves-a-vin","status":"publish","type":"page","link":"https:\/\/www.lottocento.it\/fr\/caves-a-vin\/","title":{"rendered":"Caves \u00e0 vin"},"content":{"rendered":"<p>Le style et l\u2019utilisation finale de les caves \u00e0 vin et les meubles de rangement de L\u2019Ottocento sont \u00e9tudi\u00e9s pour cr\u00e9er des espaces ou beaut\u00e9, facilit\u00e9 d\u2019emploi et qualit\u00e9 soient les protagonistes.<\/p>\n","protected":false},"excerpt":{"rendered":"<p>Le style et l\u2019utilisation finale de les caves \u00e0 vin et les meubles de rangement de L\u2019Ottocento sont \u00e9tudi\u00e9s pour cr\u00e9er des espaces ou beaut\u00e9, facilit\u00e9 d\u2019emploi et qualit\u00e9 soient les protagonistes.<\/p>\n","protected":false},"author":3,"featured_media":8886,"parent":0,"menu_order":16,"comment_status":"closed","ping_status":"closed","template":"template-collection.php","meta":{"_acf_changed":false,"footnotes":""},"class_list":["post-5489","page","type-page","status-publish","has-post-thumbnail","hentry"],"acf":[],"_links":{"self":[{"href":"https:\/\/www.lottocento.it\/fr\/wp-json\/wp\/v2\/pages\/5489","targetHints":{"allow":["GET"]}}],"collection":[{"href":"https:\/\/www.lottocento.it\/fr\/wp-json\/wp\/v2\/pages"}],"about":[{"href":"https:\/\/www.lottocento.it\/fr\/wp-json\/wp\/v2\/types\/page"}],"author":[{"embeddable":true,"href":"https:\/\/www.lottocento.it\/fr\/wp-json\/wp\/v2\/users\/3"}],"replies":[{"embeddable":true,"href":"https:\/\/www.lottocento.it\/fr\/wp-json\/wp\/v2\/comments?post=5489"}],"version-history":[{"count":0,"href":"https:\/\/www.lottocento.it\/fr\/wp-json\/wp\/v2\/pages\/5489\/revisions"}],"wp:featuredmedia":[{"embeddable":true,"href":"https:\/\/www.lottocento.it\/fr\/wp-json\/wp\/v2\/media\/8886"}],"wp:attachment":[{"href":"https:\/\/www.lottocento.it\/fr\/wp-json\/wp\/v2\/media?parent=5489"}],"curies":[{"name":"wp","href":"https:\/\/api.w.org\/{rel}","templated":true}]}}