{"id":17711,"date":"2025-09-16T15:10:57","date_gmt":"2025-09-16T13:10:57","guid":{"rendered":"https:\/\/www.lottocento.it\/?page_id=17711"},"modified":"2025-09-18T09:31:45","modified_gmt":"2025-09-18T07:31:45","slug":"atlante-virtus-cuisine","status":"publish","type":"page","link":"https:\/\/www.lottocento.it\/fr\/cuisines\/atlante-virtus-cuisine\/","title":{"rendered":"Atlante + Virtus"},"content":{"rendered":"<p>La nouvelle cuisine Atlante+Virtus na\u00eet de la rencontre entre l\u2019acier vintage bross\u00e9, au caract\u00e8re affirm\u00e9 et contemporain, et la chaleur du bois Noyer Tabac du lambris Atlante.<br \/>\nLa porte lisse encadr\u00e9e en acier, \u00e0 l\u2019effet tridimensionnel, se distingue par son profil en laiton qui met en valeur ses formes, tout en se transformant en une poign\u00e9e fonctionnelle et discr\u00e8te. La cuisine Virtus se compl\u00e8te ainsi avec des \u00eelots centraux \u00e0 la fois op\u00e9rationnels et conviviaux, introduisant un \u00e9quilibre entre rigueur esth\u00e9tique et praticit\u00e9.<br \/>\nLe lambris Atlante, r\u00e9alis\u00e9 artisanalement sur toute la hauteur, accueille des espaces de rangement et des appareils \u00e9lectrom\u00e9nagers, habillant l\u2019espace d\u2019une pr\u00e9sence chaleureuse et rigoureuse. Dans le dialogue entre ces deux \u00e9l\u00e9ments, acier et bois s\u2019exaltent mutuellement, d\u00e9finissant un environnement cuisine essentiel, sophistiqu\u00e9 et intemporel.<\/p>\n","protected":false},"excerpt":{"rendered":"<p>La nouvelle cuisine Atlante+Virtus na\u00eet de la rencontre entre l\u2019acier vintage bross\u00e9, au caract\u00e8re affirm\u00e9 et contemporain, et la chaleur du bois Noyer Tabac du lambris Atlante. La porte lisse encadr\u00e9e en acier, \u00e0 l\u2019effet tridimensionnel, se distingue par son profil en laiton qui met en valeur ses formes, tout en se transformant en une<a class=\"excerpt-read-more\" href=\"https:\/\/www.lottocento.it\/fr\/cuisines\/atlante-virtus-cuisine\/\" title=\"ReadAtlante + Virtus\">&#8230; Read more &raquo;<\/a><\/p>\n","protected":false},"author":8,"featured_media":17772,"parent":5479,"menu_order":4,"comment_status":"closed","ping_status":"closed","template":"collection.php","meta":{"_acf_changed":false,"footnotes":""},"class_list":["post-17711","page","type-page","status-publish","has-post-thumbnail","hentry"],"acf":[],"_links":{"self":[{"href":"https:\/\/www.lottocento.it\/fr\/wp-json\/wp\/v2\/pages\/17711","targetHints":{"allow":["GET"]}}],"collection":[{"href":"https:\/\/www.lottocento.it\/fr\/wp-json\/wp\/v2\/pages"}],"about":[{"href":"https:\/\/www.lottocento.it\/fr\/wp-json\/wp\/v2\/types\/page"}],"author":[{"embeddable":true,"href":"https:\/\/www.lottocento.it\/fr\/wp-json\/wp\/v2\/users\/8"}],"replies":[{"embeddable":true,"href":"https:\/\/www.lottocento.it\/fr\/wp-json\/wp\/v2\/comments?post=17711"}],"version-history":[{"count":0,"href":"https:\/\/www.lottocento.it\/fr\/wp-json\/wp\/v2\/pages\/17711\/revisions"}],"up":[{"embeddable":true,"href":"https:\/\/www.lottocento.it\/fr\/wp-json\/wp\/v2\/pages\/5479"}],"wp:featuredmedia":[{"embeddable":true,"href":"https:\/\/www.lottocento.it\/fr\/wp-json\/wp\/v2\/media\/17772"}],"wp:attachment":[{"href":"https:\/\/www.lottocento.it\/fr\/wp-json\/wp\/v2\/media?parent=17711"}],"curies":[{"name":"wp","href":"https:\/\/api.w.org\/{rel}","templated":true}]}}