{"id":16345,"date":"2024-06-12T09:04:10","date_gmt":"2024-06-12T07:04:10","guid":{"rendered":"https:\/\/www.lottocento.it\/cuisines\/virtus-cucina\/"},"modified":"2024-07-17T10:36:29","modified_gmt":"2024-07-17T08:36:29","slug":"virtus-cucina","status":"publish","type":"page","link":"https:\/\/www.lottocento.it\/fr\/cuisines\/virtus-cucina\/","title":{"rendered":"Virtus"},"content":{"rendered":"<p><strong>L\u2019acier bross\u00e9 vintage<\/strong>, \u00e0 la forte personnalit\u00e9 et rigueur esth\u00e9tique, occupe une place centrale dans la <strong>cuisine Virtus, <\/strong>con\u00e7ue par<a href=\"https:\/\/www.makethatstudio.com\/\"><strong> makethatstudio<\/strong><\/a>.<\/p>\n<p>La <strong>porte lisse encadr\u00e9e d\u2019acier<\/strong>, avec son effet tridimensionnel original, est associ\u00e9e \u00e0 un profil\u00e9 en laiton qui adoucit son aspect aust\u00e8re et souligne ses formes, se r\u00e9v\u00e9lant \u00eatre une poign\u00e9e utile pour l&rsquo;ouverture des portes et des tiroirs.<\/p>\n<p>La cuisine Virtus peut \u00eatre d\u00e9velopp\u00e9e dans <strong>diff\u00e9rentes solutions de conception<\/strong> qui comprennent des compositions traditionnelles avec des bases et des \u00e9l\u00e9ments suspendus, jusqu&rsquo;\u00e0 un \u00eelot ou l&rsquo;utilisation de l&rsquo;acier comme toile de fond, en plus des plans de travail et des \u00e9tag\u00e8res.<\/p>\n<p>Dans un jeu de contrastes mesur\u00e9, ce mod\u00e8le de cuisine peut \u00eatre envisag\u00e9 en <strong>combinaison avec la boiserie de rangement en bois <a href=\"https:\/\/www.lottocento.it\/fr\/les-collections\/floral\/\">Floral<\/a>, <\/strong>c\u00e9l\u00e9brant l&rsquo;expressivit\u00e9 mat\u00e9rielle du bois et de l&rsquo;acier.<\/p>\n","protected":false},"excerpt":{"rendered":"<p>L\u2019acier bross\u00e9 vintage, \u00e0 la forte personnalit\u00e9 et rigueur esth\u00e9tique, occupe une place centrale dans la cuisine Virtus, con\u00e7ue par makethatstudio. La porte lisse encadr\u00e9e d\u2019acier, avec son effet tridimensionnel original, est associ\u00e9e \u00e0 un profil\u00e9 en laiton qui adoucit son aspect aust\u00e8re et souligne ses formes, se r\u00e9v\u00e9lant \u00eatre une poign\u00e9e utile pour l&rsquo;ouverture<a class=\"excerpt-read-more\" href=\"https:\/\/www.lottocento.it\/fr\/cuisines\/virtus-cucina\/\" title=\"ReadVirtus\">&#8230; Read more &raquo;<\/a><\/p>\n","protected":false},"author":5,"featured_media":15878,"parent":5479,"menu_order":2,"comment_status":"closed","ping_status":"closed","template":"collection.php","meta":{"_acf_changed":false,"footnotes":""},"class_list":["post-16345","page","type-page","status-publish","has-post-thumbnail","hentry"],"acf":[],"_links":{"self":[{"href":"https:\/\/www.lottocento.it\/fr\/wp-json\/wp\/v2\/pages\/16345","targetHints":{"allow":["GET"]}}],"collection":[{"href":"https:\/\/www.lottocento.it\/fr\/wp-json\/wp\/v2\/pages"}],"about":[{"href":"https:\/\/www.lottocento.it\/fr\/wp-json\/wp\/v2\/types\/page"}],"author":[{"embeddable":true,"href":"https:\/\/www.lottocento.it\/fr\/wp-json\/wp\/v2\/users\/5"}],"replies":[{"embeddable":true,"href":"https:\/\/www.lottocento.it\/fr\/wp-json\/wp\/v2\/comments?post=16345"}],"version-history":[{"count":0,"href":"https:\/\/www.lottocento.it\/fr\/wp-json\/wp\/v2\/pages\/16345\/revisions"}],"up":[{"embeddable":true,"href":"https:\/\/www.lottocento.it\/fr\/wp-json\/wp\/v2\/pages\/5479"}],"wp:featuredmedia":[{"embeddable":true,"href":"https:\/\/www.lottocento.it\/fr\/wp-json\/wp\/v2\/media\/15878"}],"wp:attachment":[{"href":"https:\/\/www.lottocento.it\/fr\/wp-json\/wp\/v2\/media?parent=16345"}],"curies":[{"name":"wp","href":"https:\/\/api.w.org\/{rel}","templated":true}]}}