{"id":16313,"date":"2024-06-10T10:20:21","date_gmt":"2024-06-10T08:20:21","guid":{"rendered":"https:\/\/www.lottocento.it\/cuisines\/levante\/"},"modified":"2024-07-17T09:21:27","modified_gmt":"2024-07-17T07:21:27","slug":"levante","status":"publish","type":"page","link":"https:\/\/www.lottocento.it\/fr\/cuisines\/levante\/","title":{"rendered":"Levante"},"content":{"rendered":"<p>La cuisine Levante en fr\u00eane blond, con\u00e7ue par <strong><a href=\"https:\/\/michelemarcon.it\/\">Michele Marcon<\/a>, <\/strong>allie innovation stylistique et glamour.<\/p>\n<p>Elle se caract\u00e9rise par les lignes douces et lin\u00e9aires du <strong>syst\u00e8me de boiseries et de l&rsquo;\u00eelot central, dont le travail sp\u00e9cial \u00e0 ondulations \u00e0 pas irr\u00e9gulier <\/strong>raconte tout le savoir-faire artisanal L\u2019Ottocento.<\/p>\n<p>Alliant recherche stylistique et fonctionnalit\u00e9, la <strong>cuisine<\/strong> <strong>Levante<\/strong> est \u00e9quip\u00e9e pour \u00eatre utilis\u00e9e dans la cuisine gr\u00e2ce aux <strong>grandes portes des compartiments du garde-manger et aux bases de l&rsquo;\u00eelot<\/strong>, qui peuvent \u00eatre compl\u00e9t\u00e9es par un plan snack pour une convivialit\u00e9 informelle.<\/p>\n<p>Les formes sinueuses de la boiserie sont soulign\u00e9es par les faisceaux lumineux des <strong>spots en m\u00e9tal<\/strong>, fabriqu\u00e9s exclusivement pour L&rsquo;Ottocento, qui s&rsquo;ins\u00e8rent dans les rainures d&rsquo;ouverture verticales des colonnes.<\/p>\n<p>Pour donner une l\u00e9g\u00e8ret\u00e9 sophistiqu\u00e9e \u00e0 l&rsquo;environnement, cette \u00e9l\u00e9gante <strong>cuisine en bois<\/strong> peut \u00eatre int\u00e9gr\u00e9e aux<strong> modules laqu\u00e9s du mod\u00e8le <a href=\"https:\/\/www.lottocento.it\/fr\/cuisines\/etesia\/\">Etesia<\/a>, aux bords fa\u00e7onn\u00e9s.<\/strong><\/p>\n<p>Levante peut \u00eatre <strong>personnalis\u00e9e<\/strong> en termes de bois, de finitions et de mesures pour s&rsquo;adapter aux exigences d&rsquo;espace et aux go\u00fbts de chacun.<\/p>\n<p>&nbsp;<\/p>\n<p>&nbsp;<\/p>\n","protected":false},"excerpt":{"rendered":"<p>La cuisine Levante en fr\u00eane blond, con\u00e7ue par Michele Marcon, allie innovation stylistique et glamour. Elle se caract\u00e9rise par les lignes douces et lin\u00e9aires du syst\u00e8me de boiseries et de l&rsquo;\u00eelot central, dont le travail sp\u00e9cial \u00e0 ondulations \u00e0 pas irr\u00e9gulier raconte tout le savoir-faire artisanal L\u2019Ottocento. Alliant recherche stylistique et fonctionnalit\u00e9, la cuisine Levante<a class=\"excerpt-read-more\" href=\"https:\/\/www.lottocento.it\/fr\/cuisines\/levante\/\" title=\"ReadLevante\">&#8230; Read more &raquo;<\/a><\/p>\n","protected":false},"author":5,"featured_media":15767,"parent":5479,"menu_order":0,"comment_status":"closed","ping_status":"closed","template":"collection.php","meta":{"_acf_changed":false,"footnotes":""},"class_list":["post-16313","page","type-page","status-publish","has-post-thumbnail","hentry"],"acf":[],"_links":{"self":[{"href":"https:\/\/www.lottocento.it\/fr\/wp-json\/wp\/v2\/pages\/16313","targetHints":{"allow":["GET"]}}],"collection":[{"href":"https:\/\/www.lottocento.it\/fr\/wp-json\/wp\/v2\/pages"}],"about":[{"href":"https:\/\/www.lottocento.it\/fr\/wp-json\/wp\/v2\/types\/page"}],"author":[{"embeddable":true,"href":"https:\/\/www.lottocento.it\/fr\/wp-json\/wp\/v2\/users\/5"}],"replies":[{"embeddable":true,"href":"https:\/\/www.lottocento.it\/fr\/wp-json\/wp\/v2\/comments?post=16313"}],"version-history":[{"count":0,"href":"https:\/\/www.lottocento.it\/fr\/wp-json\/wp\/v2\/pages\/16313\/revisions"}],"up":[{"embeddable":true,"href":"https:\/\/www.lottocento.it\/fr\/wp-json\/wp\/v2\/pages\/5479"}],"wp:featuredmedia":[{"embeddable":true,"href":"https:\/\/www.lottocento.it\/fr\/wp-json\/wp\/v2\/media\/15767"}],"wp:attachment":[{"href":"https:\/\/www.lottocento.it\/fr\/wp-json\/wp\/v2\/media?parent=16313"}],"curies":[{"name":"wp","href":"https:\/\/api.w.org\/{rel}","templated":true}]}}