{"id":13300,"date":"2022-08-02T12:21:05","date_gmt":"2022-08-02T10:21:05","guid":{"rendered":"https:\/\/www.lottocento.it\/les-collections\/chronos-2-2\/"},"modified":"2023-04-29T10:20:20","modified_gmt":"2023-04-29T08:20:20","slug":"chronos-2-2","status":"publish","type":"page","link":"https:\/\/www.lottocento.it\/fr\/les-collections\/chronos-2-2\/","title":{"rendered":"Chronos 2.2"},"content":{"rendered":"<p>Chronos 2.2. est la <strong>cuisine en ch\u00eane<\/strong> qui se caract\u00e9rise par la combinaison de <strong>bois de diff\u00e9rentes finitions<\/strong> et de <strong>solutions stylistiques sophistiqu\u00e9es et contemporaines<\/strong>.<\/p>\n<p>Le c\u0153ur de l\u2019espace cuisine est la zone de travail, compos\u00e9e <strong>d&rsquo;\u00e9l\u00e9ments bas avec des portes bomb\u00e9es et des \u00e9l\u00e9ments muraux vitr\u00e9s<\/strong>, tandis que les colonnes lat\u00e9rales servant de placard et le r\u00e9frig\u00e9rateur\/four r\u00e9v\u00e8lent leur c\u00f4t\u00e9 contemporain gr\u00e2ce aux portes lisses pleine hauteur avec des poign\u00e9es longues et lin\u00e9aires qui s&rsquo;harmonisent avec les profils des \u00e9l\u00e9ments muraux.<\/p>\n<p>Fonctionnelle et sophistiqu\u00e9e \u00e0 la fois, Chronos 2.2 peut \u00eatre structur\u00e9e avec un vaste <strong>compartiment cave<\/strong>.<\/p>\n<p>Au centre, compl\u00e8tent la cuisine les chaises <strong><u>Archetipo<\/u><\/strong> autour de la nouvelle table ronde avec plateau en verre et base cylindrique en travertin clair, assortie au top de la cuisine. <\/p>\n","protected":false},"excerpt":{"rendered":"<p>Chronos 2.2. est la cuisine en ch\u00eane qui se caract\u00e9rise par la combinaison de bois de diff\u00e9rentes finitions et de solutions stylistiques sophistiqu\u00e9es et contemporaines. Le c\u0153ur de l\u2019espace cuisine est la zone de travail, compos\u00e9e d&rsquo;\u00e9l\u00e9ments bas avec des portes bomb\u00e9es et des \u00e9l\u00e9ments muraux vitr\u00e9s, tandis que les colonnes lat\u00e9rales servant de placard<a class=\"excerpt-read-more\" href=\"https:\/\/www.lottocento.it\/fr\/les-collections\/chronos-2-2\/\" title=\"ReadChronos 2.2\">&#8230; Read more &raquo;<\/a><\/p>\n","protected":false},"author":5,"featured_media":13267,"parent":3057,"menu_order":4,"comment_status":"closed","ping_status":"closed","template":"collection.php","meta":{"_acf_changed":false,"footnotes":""},"class_list":["post-13300","page","type-page","status-publish","has-post-thumbnail","hentry"],"acf":[],"_links":{"self":[{"href":"https:\/\/www.lottocento.it\/fr\/wp-json\/wp\/v2\/pages\/13300","targetHints":{"allow":["GET"]}}],"collection":[{"href":"https:\/\/www.lottocento.it\/fr\/wp-json\/wp\/v2\/pages"}],"about":[{"href":"https:\/\/www.lottocento.it\/fr\/wp-json\/wp\/v2\/types\/page"}],"author":[{"embeddable":true,"href":"https:\/\/www.lottocento.it\/fr\/wp-json\/wp\/v2\/users\/5"}],"replies":[{"embeddable":true,"href":"https:\/\/www.lottocento.it\/fr\/wp-json\/wp\/v2\/comments?post=13300"}],"version-history":[{"count":0,"href":"https:\/\/www.lottocento.it\/fr\/wp-json\/wp\/v2\/pages\/13300\/revisions"}],"up":[{"embeddable":true,"href":"https:\/\/www.lottocento.it\/fr\/wp-json\/wp\/v2\/pages\/3057"}],"wp:featuredmedia":[{"embeddable":true,"href":"https:\/\/www.lottocento.it\/fr\/wp-json\/wp\/v2\/media\/13267"}],"wp:attachment":[{"href":"https:\/\/www.lottocento.it\/fr\/wp-json\/wp\/v2\/media?parent=13300"}],"curies":[{"name":"wp","href":"https:\/\/api.w.org\/{rel}","templated":true}]}}